{"id":278,"date":"2020-07-24T12:01:03","date_gmt":"2020-07-24T09:01:03","guid":{"rendered":"http:\/\/www.meltekstil.com.tr\/tr\/?page_id=278"},"modified":"2020-07-25T13:51:17","modified_gmt":"2020-07-25T10:51:17","slug":"vizyon-misyon","status":"publish","type":"page","link":"https:\/\/www.meltekstil.com.tr\/tr\/vizyon-misyon\/","title":{"rendered":"Vizyon &#038; Misyon"},"content":{"rendered":"\r\n<div class=\"wp-block-safirtema-sorucevap safir-faq\">\r\n<div class=\"question\">\r\n<div class=\"icon\">&nbsp;<\/div>\r\n<span class=\"text\">\u00dcretim i\u00e7eri\u011fimiz nedir?<\/span>\r\n<div class=\"openclose\">&nbsp;<\/div>\r\n<\/div>\r\n<p class=\"answer\">\u00dcretimimiz i\u00e7 ve d\u0131\u015f giyim olup, a\u011f\u0131rl\u0131kta Almanya olmak \u00fczere Avrupa&#8217;n\u0131n bir \u00e7ok \u00fclkesine ihracat yapmaktay\u0131z. Ayl\u0131k ortalama 150.000 adet civar\u0131ndaki kapasitemiz ile uluslararas\u0131 markalara y\u00fcksek kalite hizmet sunmaktay\u0131z. \u015eirketimizin \u00fcr\u00fcn yelpazesi b\u00fcy\u00fck \u00f6l\u00e7\u00fcde; T-shirt, Sweat-shirt, hoodie, polo, ceket, mont, e\u015fofman, \u015fort, pantolon, elbise, maske, \u00f6nl\u00fck, tulumdan olu\u015fmaktad\u0131r.<\/p>\r\n<\/div>\r\n<!-- \/wp:safirtema\/sorucevap -->\r\n<p>&nbsp;<\/p>","protected":false},"excerpt":{"rendered":"<p>&nbsp; \u00dcretim i\u00e7eri\u011fimiz nedir? &nbsp; \u00dcretimimiz i\u00e7 ve d\u0131\u015f giyim olup, a\u011f\u0131rl\u0131kta Almanya olmak \u00fczere Avrupa&#8217;n\u0131n bir \u00e7ok \u00fclkesine ihracat yapmaktay\u0131z. Ayl\u0131k ortalama 150.000 adet civar\u0131ndaki kapasitemiz ile uluslararas\u0131 markalara y\u00fcksek kalite hizmet sunmaktay\u0131z. \u015eirketimizin \u00fcr\u00fcn yelpazesi b\u00fcy\u00fck \u00f6l\u00e7\u00fcde; T-shirt, Sweat-shirt, hoodie, polo, ceket, mont, e\u015fofman, \u015fort, pantolon, elbise, maske, \u00f6nl\u00fck, tulumdan olu\u015fmaktad\u0131r. &nbsp;<\/p>\n","protected":false},"author":1,"featured_media":0,"parent":0,"menu_order":0,"comment_status":"closed","ping_status":"closed","template":"","meta":{"ngg_post_thumbnail":0,"_themeisle_gutenberg_block_has_review":false,"footnotes":""},"_links":{"self":[{"href":"https:\/\/www.meltekstil.com.tr\/tr\/wp-json\/wp\/v2\/pages\/278"}],"collection":[{"href":"https:\/\/www.meltekstil.com.tr\/tr\/wp-json\/wp\/v2\/pages"}],"about":[{"href":"https:\/\/www.meltekstil.com.tr\/tr\/wp-json\/wp\/v2\/types\/page"}],"author":[{"embeddable":true,"href":"https:\/\/www.meltekstil.com.tr\/tr\/wp-json\/wp\/v2\/users\/1"}],"replies":[{"embeddable":true,"href":"https:\/\/www.meltekstil.com.tr\/tr\/wp-json\/wp\/v2\/comments?post=278"}],"version-history":[{"count":8,"href":"https:\/\/www.meltekstil.com.tr\/tr\/wp-json\/wp\/v2\/pages\/278\/revisions"}],"predecessor-version":[{"id":340,"href":"https:\/\/www.meltekstil.com.tr\/tr\/wp-json\/wp\/v2\/pages\/278\/revisions\/340"}],"wp:attachment":[{"href":"https:\/\/www.meltekstil.com.tr\/tr\/wp-json\/wp\/v2\/media?parent=278"}],"curies":[{"name":"wp","href":"https:\/\/api.w.org\/{rel}","templated":true}]}}