{"id":280,"date":"2020-07-24T12:02:00","date_gmt":"2020-07-24T09:02:00","guid":{"rendered":"http:\/\/www.meltekstil.com.tr\/tr\/?page_id=280"},"modified":"2020-07-25T13:51:58","modified_gmt":"2020-07-25T10:51:58","slug":"uretim","status":"publish","type":"page","link":"https:\/\/www.meltekstil.com.tr\/tr\/uretim\/","title":{"rendered":"\u00dcretim"},"content":{"rendered":"\r\n\r\n\r\n<p>\u00dcretimimiz i\u00e7 ve d\u0131\u015f giyim olup, a\u011f\u0131rl\u0131kta Almanya olmak \u00fczere Avrupa&#8217;n\u0131n bir \u00e7ok \u00fclkesine ihracat yapmaktay\u0131z. Ayl\u0131k ortalama 150.000 adet civar\u0131ndaki kapasitemiz ile uluslararas\u0131 markalara y\u00fcksek kalite hizmet sunmaktay\u0131z. \u015eirketimizin \u00fcr\u00fcn yelpazesi b\u00fcy\u00fck \u00f6l\u00e7\u00fcde; T-shirt, Sweat-shirt, hoodie, polo, ceket, mont, e\u015fofman, \u015fort, pantolon, elbise, maske, \u00f6nl\u00fck, tulumdan olu\u015fmaktad\u0131r.<\/p>\r\n","protected":false},"excerpt":{"rendered":"<p>\u00dcretimimiz i\u00e7 ve d\u0131\u015f giyim olup, a\u011f\u0131rl\u0131kta Almanya olmak \u00fczere Avrupa&#8217;n\u0131n bir \u00e7ok \u00fclkesine ihracat yapmaktay\u0131z. Ayl\u0131k ortalama 150.000 adet civar\u0131ndaki kapasitemiz ile uluslararas\u0131 markalara y\u00fcksek kalite hizmet sunmaktay\u0131z. \u015eirketimizin \u00fcr\u00fcn yelpazesi b\u00fcy\u00fck \u00f6l\u00e7\u00fcde; T-shirt, Sweat-shirt, hoodie, polo, ceket, mont, e\u015fofman, \u015fort, pantolon, elbise, maske, \u00f6nl\u00fck, tulumdan olu\u015fmaktad\u0131r.<\/p>\n","protected":false},"author":1,"featured_media":0,"parent":0,"menu_order":0,"comment_status":"closed","ping_status":"closed","template":"","meta":{"ngg_post_thumbnail":0,"_themeisle_gutenberg_block_has_review":false,"footnotes":""},"_links":{"self":[{"href":"https:\/\/www.meltekstil.com.tr\/tr\/wp-json\/wp\/v2\/pages\/280"}],"collection":[{"href":"https:\/\/www.meltekstil.com.tr\/tr\/wp-json\/wp\/v2\/pages"}],"about":[{"href":"https:\/\/www.meltekstil.com.tr\/tr\/wp-json\/wp\/v2\/types\/page"}],"author":[{"embeddable":true,"href":"https:\/\/www.meltekstil.com.tr\/tr\/wp-json\/wp\/v2\/users\/1"}],"replies":[{"embeddable":true,"href":"https:\/\/www.meltekstil.com.tr\/tr\/wp-json\/wp\/v2\/comments?post=280"}],"version-history":[{"count":3,"href":"https:\/\/www.meltekstil.com.tr\/tr\/wp-json\/wp\/v2\/pages\/280\/revisions"}],"predecessor-version":[{"id":341,"href":"https:\/\/www.meltekstil.com.tr\/tr\/wp-json\/wp\/v2\/pages\/280\/revisions\/341"}],"wp:attachment":[{"href":"https:\/\/www.meltekstil.com.tr\/tr\/wp-json\/wp\/v2\/media?parent=280"}],"curies":[{"name":"wp","href":"https:\/\/api.w.org\/{rel}","templated":true}]}}